{"id":1053,"date":"2016-12-03T13:22:18","date_gmt":"2016-12-03T13:22:18","guid":{"rendered":"http:\/\/bethunehc.fr\/?page_id=1053"},"modified":"2024-05-31T17:03:54","modified_gmt":"2024-05-31T17:03:54","slug":"sponsors","status":"publish","type":"page","link":"http:\/\/bethunehc.fr\/?page_id=1053","title":{"rendered":"Sponsors"},"content":{"rendered":"\n<p>Devenez partenaires du B\u00e9thune Hockey Club.<\/p>\n\n\n\n<p>Notre association est \u00e0 la recherche de sponsors, partenaires pour nous accompagner dans le d\u00e9veloppement.<\/p>\n\n\n\n<p>Poursuivre notre d\u00e9veloppement et f\u00e9miniser nos effectifs.<\/p>\n\n\n\n<ul class=\"wp-block-list\"><li>Accueillir des jeunes et engager des \u00e9quipes en comp\u00e9tition. En intervenant avec la Ligue R\u00e9gionale dans les \u00e9tablissements scolaires pour promouvoir notre sport et \u00e9toffer nos effectifs. <\/li><li><em><strong>Objectif 110 licenci\u00e9s en 2026.<\/strong><\/em><\/li><li> Retrouver une \u00e9quipe f\u00e9minine en comp\u00e9tition et redonner de la visibilit\u00e9 au hockey f\u00e9minin dans notre structure, en accueillant des jeunes sportives pour leur faire d\u00e9couvrir le hockey. <\/li><li><strong><em>Augmenter notre effectif significativement pour 2026<\/em><\/strong><\/li><li> Retrouver un niveau sportif plus important. La mont\u00e9e en puissance des jeunes et une ambition sportive pour le maintien en nationale.<\/li><li><strong><em> Objectif Nationale 2 en 2026.<\/em><\/strong><\/li><\/ul>\n\n\n\n<p>Devenez partenaires maillots, <\/p>\n\n\n\n<figure class=\"wp-block-image\"><img loading=\"lazy\" decoding=\"async\" width=\"477\" height=\"400\" src=\"http:\/\/bethunehc.fr\/wp-content\/uploads\/2024\/04\/Publication-Facebook-940x788-px-1-477x400.jpeg\" alt=\"\" class=\"wp-image-3155\" srcset=\"http:\/\/bethunehc.fr\/wp-content\/uploads\/2024\/04\/Publication-Facebook-940x788-px-1-477x400.jpeg 477w, http:\/\/bethunehc.fr\/wp-content\/uploads\/2024\/04\/Publication-Facebook-940x788-px-1-239x200.jpeg 239w, http:\/\/bethunehc.fr\/wp-content\/uploads\/2024\/04\/Publication-Facebook-940x788-px-1-768x644.jpeg 768w, http:\/\/bethunehc.fr\/wp-content\/uploads\/2024\/04\/Publication-Facebook-940x788-px-1.jpeg 940w\" sizes=\"auto, (max-width: 477px) 100vw, 477px\" \/><\/figure>\n\n\n\n<div class=\"wp-block-file\"><a href=\"http:\/\/bethunehc.fr\/wp-content\/uploads\/2024\/05\/bhc2023.pdf\">bhc2023<\/a><a href=\"http:\/\/bethunehc.fr\/wp-content\/uploads\/2024\/05\/bhc2023.pdf\" class=\"wp-block-file__button\" download>T\u00e9l\u00e9charger<\/a><\/div>\n\n\n\n<p><\/p>\n","protected":false},"excerpt":{"rendered":"<p>Devenez partenaires du B\u00e9thune Hockey Club. Notre association est \u00e0 la recherche de sponsors, partenaires pour nous accompagner dans le d\u00e9veloppement. Poursuivre notre d\u00e9veloppement et f\u00e9miniser nos effectifs. Accueillir des jeunes et engager des \u00e9quipes en comp\u00e9tition. En intervenant avec la Ligue R\u00e9gionale dans les \u00e9tablissements scolaires pour promouvoir notre sport et \u00e9toffer nos effectifs. &hellip; <a href=\"http:\/\/bethunehc.fr\/?page_id=1053\" class=\"more-link\">Continuer la lecture de <span class=\"screen-reader-text\">Sponsors<\/span>  <span class=\"meta-nav\">&rarr;<\/span><\/a><\/p>\n","protected":false},"author":1,"featured_media":0,"parent":0,"menu_order":0,"comment_status":"closed","ping_status":"closed","template":"","meta":{"footnotes":""},"class_list":["post-1053","page","type-page","status-publish","hentry"],"_links":{"self":[{"href":"http:\/\/bethunehc.fr\/index.php?rest_route=\/wp\/v2\/pages\/1053","targetHints":{"allow":["GET"]}}],"collection":[{"href":"http:\/\/bethunehc.fr\/index.php?rest_route=\/wp\/v2\/pages"}],"about":[{"href":"http:\/\/bethunehc.fr\/index.php?rest_route=\/wp\/v2\/types\/page"}],"author":[{"embeddable":true,"href":"http:\/\/bethunehc.fr\/index.php?rest_route=\/wp\/v2\/users\/1"}],"replies":[{"embeddable":true,"href":"http:\/\/bethunehc.fr\/index.php?rest_route=%2Fwp%2Fv2%2Fcomments&post=1053"}],"version-history":[{"count":25,"href":"http:\/\/bethunehc.fr\/index.php?rest_route=\/wp\/v2\/pages\/1053\/revisions"}],"predecessor-version":[{"id":3164,"href":"http:\/\/bethunehc.fr\/index.php?rest_route=\/wp\/v2\/pages\/1053\/revisions\/3164"}],"wp:attachment":[{"href":"http:\/\/bethunehc.fr\/index.php?rest_route=%2Fwp%2Fv2%2Fmedia&parent=1053"}],"curies":[{"name":"wp","href":"https:\/\/api.w.org\/{rel}","templated":true}]}}