{"id":45,"date":"2015-06-10T21:24:16","date_gmt":"2015-06-10T21:24:16","guid":{"rendered":"http:\/\/bethunehc.fr\/?page_id=45"},"modified":"2017-09-18T05:44:57","modified_gmt":"2017-09-18T05:44:57","slug":"qui-sommes-nous","status":"publish","type":"page","link":"http:\/\/bethunehc.fr\/?page_id=45","title":{"rendered":"Qui sommes nous?"},"content":{"rendered":"<p>Club de hockey sur gazon et en salle cr\u00e9e en 1968, le B\u00e9thune Hockey Club a pour but la pratique et le\u00a0d\u00e9veloppement de ce sport.<\/p>\n<p><a href=\"http:\/\/bethunehc.fr\/wp-content\/uploads\/2015\/06\/20150606_143823.jpg\"><img loading=\"lazy\" decoding=\"async\" class=\"alignnone size-medium wp-image-28\" src=\"http:\/\/bethunehc.fr\/wp-content\/uploads\/2015\/06\/20150606_143823-300x225.jpg\" alt=\"20150606_143823\" width=\"300\" height=\"225\" \/><\/a><\/p>\n<p>Sport collectif, \u00a0olympique depuis 1908, le hockey est un sport technique et spectaculaire o\u00f9 l&rsquo;on peut rapidement progresser.<\/p>\n<p>Le BHC \u00e9volue en R\u00e9gionale 1 chez les s\u00e9niors apr\u00e8s avoir longtemps \u00e9volu\u00e9 en Nationale 2 puis Nationale 3.<\/p>\n<p>&nbsp;<\/p>\n<p>Nous accueillons \u00e9galement des jeunes hockeyeurs le mercredi pour des entra\u00eenements et le samedi pour les matchs.<\/p>\n<p>Pour plus de renseignements, vous pouvez nous contacter : <a href=\"mailto:info@bethunehc.fr\" target=\"_blank\" rel=\"noopener\">info@bethunehc.fr<\/a>\u00a0ou par t\u00e9l\u00e9phone 06.08.24.61.88<\/p>\n","protected":false},"excerpt":{"rendered":"<p>Club de hockey sur gazon et en salle cr\u00e9e en 1968, le B\u00e9thune Hockey Club a pour but la pratique et le\u00a0d\u00e9veloppement de ce sport. Sport collectif, \u00a0olympique depuis 1908, le hockey est un sport technique et spectaculaire o\u00f9 l&rsquo;on peut rapidement progresser. Le BHC \u00e9volue en R\u00e9gionale 1 chez les s\u00e9niors apr\u00e8s avoir longtemps &hellip; <a href=\"http:\/\/bethunehc.fr\/?page_id=45\" class=\"more-link\">Continuer la lecture de <span class=\"screen-reader-text\">Qui sommes nous?<\/span>  <span class=\"meta-nav\">&rarr;<\/span><\/a><\/p>\n","protected":false},"author":1,"featured_media":0,"parent":0,"menu_order":1,"comment_status":"closed","ping_status":"closed","template":"","meta":{"footnotes":""},"class_list":["post-45","page","type-page","status-publish","hentry"],"_links":{"self":[{"href":"http:\/\/bethunehc.fr\/index.php?rest_route=\/wp\/v2\/pages\/45","targetHints":{"allow":["GET"]}}],"collection":[{"href":"http:\/\/bethunehc.fr\/index.php?rest_route=\/wp\/v2\/pages"}],"about":[{"href":"http:\/\/bethunehc.fr\/index.php?rest_route=\/wp\/v2\/types\/page"}],"author":[{"embeddable":true,"href":"http:\/\/bethunehc.fr\/index.php?rest_route=\/wp\/v2\/users\/1"}],"replies":[{"embeddable":true,"href":"http:\/\/bethunehc.fr\/index.php?rest_route=%2Fwp%2Fv2%2Fcomments&post=45"}],"version-history":[{"count":4,"href":"http:\/\/bethunehc.fr\/index.php?rest_route=\/wp\/v2\/pages\/45\/revisions"}],"predecessor-version":[{"id":1694,"href":"http:\/\/bethunehc.fr\/index.php?rest_route=\/wp\/v2\/pages\/45\/revisions\/1694"}],"wp:attachment":[{"href":"http:\/\/bethunehc.fr\/index.php?rest_route=%2Fwp%2Fv2%2Fmedia&parent=45"}],"curies":[{"name":"wp","href":"https:\/\/api.w.org\/{rel}","templated":true}]}}